{"id":577,"date":"2020-05-20T22:43:09","date_gmt":"2020-05-20T22:43:09","guid":{"rendered":"http:\/\/powertronikups.com\/?page_id=577"},"modified":"2020-06-30T20:56:18","modified_gmt":"2020-06-30T20:56:18","slug":"mantenimiento","status":"publish","type":"page","link":"https:\/\/powertronikups.com\/?page_id=577","title":{"rendered":"MANTENIMIENTO"},"content":{"rendered":"\t\t<div data-elementor-type=\"wp-page\" data-elementor-id=\"577\" class=\"elementor elementor-577\" data-elementor-post-type=\"page\">\n\t\t\t\t\t\t<section class=\"elementor-section elementor-top-section elementor-element elementor-element-6179e9e elementor-section-stretched elementor-section-full_width elementor-section-height-default elementor-section-height-default\" data-id=\"6179e9e\" data-element_type=\"section\" data-e-type=\"section\" data-settings=\"{&quot;stretch_section&quot;:&quot;section-stretched&quot;}\">\n\t\t\t\t\t\t<div class=\"elementor-container elementor-column-gap-default\">\n\t\t\t\t\t<div class=\"elementor-column elementor-col-100 elementor-top-column elementor-element elementor-element-d50c440\" data-id=\"d50c440\" data-element_type=\"column\" data-e-type=\"column\">\n\t\t\t<div class=\"elementor-widget-wrap elementor-element-populated\">\n\t\t\t\t\t\t<div class=\"elementor-element elementor-element-4b19fdf elementor--h-position-center elementor--v-position-middle elementor-arrows-position-inside elementor-widget elementor-widget-slides\" data-id=\"4b19fdf\" data-element_type=\"widget\" data-e-type=\"widget\" data-settings=\"{&quot;navigation&quot;:&quot;arrows&quot;,&quot;autoplay&quot;:&quot;yes&quot;,&quot;pause_on_hover&quot;:&quot;yes&quot;,&quot;pause_on_interaction&quot;:&quot;yes&quot;,&quot;autoplay_speed&quot;:5000,&quot;infinite&quot;:&quot;yes&quot;,&quot;transition&quot;:&quot;slide&quot;,&quot;transition_speed&quot;:500}\" data-widget_type=\"slides.default\">\n\t\t\t\t<div class=\"elementor-widget-container\">\n\t\t\t\t\t\t\t\t\t<div class=\"elementor-swiper\">\n\t\t\t\t\t<div class=\"elementor-slides-wrapper elementor-main-swiper swiper\" role=\"region\" aria-roledescription=\"carousel\" aria-label=\"Slides\" dir=\"ltr\" data-animation=\"fadeInUp\">\n\t\t\t\t<div class=\"swiper-wrapper elementor-slides\">\n\t\t\t\t\t\t\t\t\t\t<div class=\"elementor-repeater-item-bb5f264 swiper-slide\" role=\"group\" aria-roledescription=\"slide\"><div class=\"swiper-slide-bg\" role=\"img\" aria-label=\"Picture96\"><\/div><div class=\"elementor-background-overlay\"><\/div><a class=\"swiper-slide-inner\" href=\"https:\/\/powertronikups.com\/?page_id=555\"><div class=\"swiper-slide-contents\"><div class=\"elementor-slide-heading\">MANTENIMIENTO <\/div><div  class=\"elementor-button elementor-slide-button elementor-size-xs\">Cotizar<\/div><\/div><\/a><\/div>\t\t\t\t<\/div>\n\t\t\t\t\t\t\t<\/div>\n\t\t\t\t<\/div>\n\t\t\t\t\t\t\t\t<\/div>\n\t\t\t\t<\/div>\n\t\t\t\t\t<\/div>\n\t\t<\/div>\n\t\t\t\t\t<\/div>\n\t\t<\/section>\n\t\t\t\t<section class=\"elementor-section elementor-top-section elementor-element elementor-element-8af3b2b elementor-section-boxed elementor-section-height-default elementor-section-height-default\" data-id=\"8af3b2b\" data-element_type=\"section\" data-e-type=\"section\" data-settings=\"{&quot;background_background&quot;:&quot;classic&quot;}\">\n\t\t\t\t\t\t<div class=\"elementor-container elementor-column-gap-default\">\n\t\t\t\t\t<div class=\"elementor-column elementor-col-50 elementor-top-column elementor-element elementor-element-4abdec3\" data-id=\"4abdec3\" data-element_type=\"column\" data-e-type=\"column\">\n\t\t\t<div class=\"elementor-widget-wrap elementor-element-populated\">\n\t\t\t\t\t\t<div class=\"elementor-element elementor-element-0bff158 elementor-widget elementor-widget-spacer\" data-id=\"0bff158\" data-element_type=\"widget\" data-e-type=\"widget\" data-widget_type=\"spacer.default\">\n\t\t\t\t<div class=\"elementor-widget-container\">\n\t\t\t\t\t\t\t<div class=\"elementor-spacer\">\n\t\t\t<div class=\"elementor-spacer-inner\"><\/div>\n\t\t<\/div>\n\t\t\t\t\t\t<\/div>\n\t\t\t\t<\/div>\n\t\t\t\t<div class=\"elementor-element elementor-element-02cfcbf elementor-invisible elementor-widget elementor-widget-heading\" data-id=\"02cfcbf\" data-element_type=\"widget\" data-e-type=\"widget\" data-settings=\"{&quot;_animation&quot;:&quot;fadeInDown&quot;}\" data-widget_type=\"heading.default\">\n\t\t\t\t<div class=\"elementor-widget-container\">\n\t\t\t\t\t<h3 class=\"elementor-heading-title elementor-size-default\">MANTENIMIENTO PREVENTIVO<\/h3>\t\t\t\t<\/div>\n\t\t\t\t<\/div>\n\t\t\t\t<div class=\"elementor-element elementor-element-da83063 elementor-widget-divider--view-line elementor-widget elementor-widget-divider\" data-id=\"da83063\" data-element_type=\"widget\" data-e-type=\"widget\" data-widget_type=\"divider.default\">\n\t\t\t\t<div class=\"elementor-widget-container\">\n\t\t\t\t\t\t\t<div class=\"elementor-divider\">\n\t\t\t<span class=\"elementor-divider-separator\">\n\t\t\t\t\t\t<\/span>\n\t\t<\/div>\n\t\t\t\t\t\t<\/div>\n\t\t\t\t<\/div>\n\t\t\t\t<div class=\"elementor-element elementor-element-c468bd7 elementor-invisible elementor-widget elementor-widget-text-editor\" data-id=\"c468bd7\" data-element_type=\"widget\" data-e-type=\"widget\" data-settings=\"{&quot;_animation&quot;:&quot;fadeInUp&quot;}\" data-widget_type=\"text-editor.default\">\n\t\t\t\t<div class=\"elementor-widget-container\">\n\t\t\t\t\t\t\t\t\t<ul><li>Al llegar al sitio de ubicaci\u00f3n de cada UPS se hace una inspecci\u00f3n visual en el panel frontal para verificar estado de UPS.<\/li><li>Se procede a dar inicio al mantenimiento sin hacer apagado de equipos de c\u00f3mputo ya que UPS se puede trabajar en caliente o con transferencia de Bypass.<\/li><li>Se retiran tapas frontales.<\/li><li>Usando elementos de protecci\u00f3n (tapaboca, botas, overol) se inicial limpieza con una pistola de aire, sacando toda la poluci\u00f3n de los equipos.<\/li><li>Limpieza interna y externa en tapas y chasis de equipo, se utilizan limpiador electr\u00f3nico cuando el equipo esta apagado totalmente.<\/li><li>Se realiza inspecci\u00f3n de los componentes internos para garantizar que no est\u00e9n recalentados ni defectuosos.<\/li><li>Se toman mediciones de voltajes, corrientes, fuentes, bater\u00edas.<\/li><li>Se hacen pruebas de funcionamiento como: inversor, bypass, autonom\u00eda en bater\u00edas, transferencias.<\/li><li>Medici\u00f3n de cargas en las 3 fases de salida para verificar el balanceo<\/li><li>Se colocan tapas nuevamente en equipo.<\/li><li>Se llena reporte de servicio.<\/li><li>Se deja UPS en funcionamiento normal si no se encuentra nada anormal dentro del mantenimiento.<\/li><\/ul>\t\t\t\t\t\t\t\t<\/div>\n\t\t\t\t<\/div>\n\t\t\t\t\t<\/div>\n\t\t<\/div>\n\t\t\t\t<div class=\"elementor-column elementor-col-50 elementor-top-column elementor-element elementor-element-6d47f38\" data-id=\"6d47f38\" data-element_type=\"column\" data-e-type=\"column\">\n\t\t\t<div class=\"elementor-widget-wrap elementor-element-populated\">\n\t\t\t\t\t\t<div class=\"elementor-element elementor-element-629ae9b elementor-widget elementor-widget-spacer\" data-id=\"629ae9b\" data-element_type=\"widget\" data-e-type=\"widget\" data-widget_type=\"spacer.default\">\n\t\t\t\t<div class=\"elementor-widget-container\">\n\t\t\t\t\t\t\t<div class=\"elementor-spacer\">\n\t\t\t<div class=\"elementor-spacer-inner\"><\/div>\n\t\t<\/div>\n\t\t\t\t\t\t<\/div>\n\t\t\t\t<\/div>\n\t\t\t\t<div class=\"elementor-element elementor-element-7c2a6b2 elementor-invisible elementor-widget elementor-widget-image\" data-id=\"7c2a6b2\" data-element_type=\"widget\" data-e-type=\"widget\" data-settings=\"{&quot;_animation&quot;:&quot;fadeInUp&quot;}\" data-widget_type=\"image.default\">\n\t\t\t\t<div class=\"elementor-widget-container\">\n\t\t\t\t\t\t\t\t\t\t\t\t\t\t\t<img fetchpriority=\"high\" decoding=\"async\" width=\"750\" height=\"376\" src=\"https:\/\/powertronikups.com\/wp-content\/uploads\/2020\/06\/ppppp.png\" class=\"attachment-large size-large wp-image-899\" alt=\"\" srcset=\"https:\/\/powertronikups.com\/wp-content\/uploads\/2020\/06\/ppppp.png 801w, https:\/\/powertronikups.com\/wp-content\/uploads\/2020\/06\/ppppp-300x151.png 300w, https:\/\/powertronikups.com\/wp-content\/uploads\/2020\/06\/ppppp-768x385.png 768w\" sizes=\"(max-width: 750px) 100vw, 750px\" \/>\t\t\t\t\t\t\t\t\t\t\t\t\t\t\t<\/div>\n\t\t\t\t<\/div>\n\t\t\t\t<div class=\"elementor-element elementor-element-59eb9a8 elementor-align-center elementor-widget elementor-widget-button\" data-id=\"59eb9a8\" data-element_type=\"widget\" data-e-type=\"widget\" data-widget_type=\"button.default\">\n\t\t\t\t<div class=\"elementor-widget-container\">\n\t\t\t\t\t\t\t\t\t<div class=\"elementor-button-wrapper\">\n\t\t\t\t\t<a class=\"elementor-button elementor-button-link elementor-size-sm\" href=\"https:\/\/powertronikups.com\/?page_id=555\">\n\t\t\t\t\t\t<span class=\"elementor-button-content-wrapper\">\n\t\t\t\t\t\t<span class=\"elementor-button-icon\">\n\t\t\t\t<i aria-hidden=\"true\" class=\"far fa-arrow-alt-circle-right\"><\/i>\t\t\t<\/span>\n\t\t\t\t\t\t\t\t\t<span class=\"elementor-button-text\">Me interesa<\/span>\n\t\t\t\t\t<\/span>\n\t\t\t\t\t<\/a>\n\t\t\t\t<\/div>\n\t\t\t\t\t\t\t\t<\/div>\n\t\t\t\t<\/div>\n\t\t\t\t\t<\/div>\n\t\t<\/div>\n\t\t\t\t\t<\/div>\n\t\t<\/section>\n\t\t\t\t<section class=\"elementor-section elementor-top-section elementor-element elementor-element-b409dae elementor-section-boxed elementor-section-height-default elementor-section-height-default\" data-id=\"b409dae\" data-element_type=\"section\" data-e-type=\"section\">\n\t\t\t\t\t\t<div class=\"elementor-container elementor-column-gap-default\">\n\t\t\t\t\t<div class=\"elementor-column elementor-col-50 elementor-top-column elementor-element elementor-element-b25dca9\" data-id=\"b25dca9\" data-element_type=\"column\" data-e-type=\"column\">\n\t\t\t<div class=\"elementor-widget-wrap elementor-element-populated\">\n\t\t\t\t\t\t<div class=\"elementor-element elementor-element-db82f64 elementor-widget elementor-widget-spacer\" data-id=\"db82f64\" data-element_type=\"widget\" data-e-type=\"widget\" data-widget_type=\"spacer.default\">\n\t\t\t\t<div class=\"elementor-widget-container\">\n\t\t\t\t\t\t\t<div class=\"elementor-spacer\">\n\t\t\t<div class=\"elementor-spacer-inner\"><\/div>\n\t\t<\/div>\n\t\t\t\t\t\t<\/div>\n\t\t\t\t<\/div>\n\t\t\t\t<div class=\"elementor-element elementor-element-6024e07 elementor-invisible elementor-widget elementor-widget-image\" data-id=\"6024e07\" data-element_type=\"widget\" data-e-type=\"widget\" data-settings=\"{&quot;_animation&quot;:&quot;fadeInUp&quot;}\" data-widget_type=\"image.default\">\n\t\t\t\t<div class=\"elementor-widget-container\">\n\t\t\t\t\t\t\t\t\t\t\t\t\t\t\t<img decoding=\"async\" width=\"750\" height=\"376\" src=\"https:\/\/powertronikups.com\/wp-content\/uploads\/2020\/06\/Untitled-134242324.png\" class=\"attachment-large size-large wp-image-897\" alt=\"\" srcset=\"https:\/\/powertronikups.com\/wp-content\/uploads\/2020\/06\/Untitled-134242324.png 801w, https:\/\/powertronikups.com\/wp-content\/uploads\/2020\/06\/Untitled-134242324-300x151.png 300w, https:\/\/powertronikups.com\/wp-content\/uploads\/2020\/06\/Untitled-134242324-768x385.png 768w\" sizes=\"(max-width: 750px) 100vw, 750px\" \/>\t\t\t\t\t\t\t\t\t\t\t\t\t\t\t<\/div>\n\t\t\t\t<\/div>\n\t\t\t\t<div class=\"elementor-element elementor-element-4236592 elementor-align-center elementor-widget elementor-widget-button\" data-id=\"4236592\" data-element_type=\"widget\" data-e-type=\"widget\" data-widget_type=\"button.default\">\n\t\t\t\t<div class=\"elementor-widget-container\">\n\t\t\t\t\t\t\t\t\t<div class=\"elementor-button-wrapper\">\n\t\t\t\t\t<a class=\"elementor-button elementor-button-link elementor-size-sm\" href=\"https:\/\/powertronikups.com\/?page_id=555\">\n\t\t\t\t\t\t<span class=\"elementor-button-content-wrapper\">\n\t\t\t\t\t\t<span class=\"elementor-button-icon\">\n\t\t\t\t<i aria-hidden=\"true\" class=\"far fa-arrow-alt-circle-right\"><\/i>\t\t\t<\/span>\n\t\t\t\t\t\t\t\t\t<span class=\"elementor-button-text\">Me interesa<\/span>\n\t\t\t\t\t<\/span>\n\t\t\t\t\t<\/a>\n\t\t\t\t<\/div>\n\t\t\t\t\t\t\t\t<\/div>\n\t\t\t\t<\/div>\n\t\t\t\t\t<\/div>\n\t\t<\/div>\n\t\t\t\t<div class=\"elementor-column elementor-col-50 elementor-top-column elementor-element elementor-element-e83287d\" data-id=\"e83287d\" data-element_type=\"column\" data-e-type=\"column\">\n\t\t\t<div class=\"elementor-widget-wrap elementor-element-populated\">\n\t\t\t\t\t\t<div class=\"elementor-element elementor-element-6bea5d4 elementor-widget elementor-widget-spacer\" data-id=\"6bea5d4\" data-element_type=\"widget\" data-e-type=\"widget\" data-widget_type=\"spacer.default\">\n\t\t\t\t<div class=\"elementor-widget-container\">\n\t\t\t\t\t\t\t<div class=\"elementor-spacer\">\n\t\t\t<div class=\"elementor-spacer-inner\"><\/div>\n\t\t<\/div>\n\t\t\t\t\t\t<\/div>\n\t\t\t\t<\/div>\n\t\t\t\t<div class=\"elementor-element elementor-element-713085f elementor-invisible elementor-widget elementor-widget-heading\" data-id=\"713085f\" data-element_type=\"widget\" data-e-type=\"widget\" data-settings=\"{&quot;_animation&quot;:&quot;fadeInDown&quot;}\" data-widget_type=\"heading.default\">\n\t\t\t\t<div class=\"elementor-widget-container\">\n\t\t\t\t\t<h3 class=\"elementor-heading-title elementor-size-default\">      MANTENIMIENTO CORRECTIVO<\/h3>\t\t\t\t<\/div>\n\t\t\t\t<\/div>\n\t\t\t\t<div class=\"elementor-element elementor-element-5c25418 elementor-widget-divider--view-line elementor-widget elementor-widget-divider\" data-id=\"5c25418\" data-element_type=\"widget\" data-e-type=\"widget\" data-widget_type=\"divider.default\">\n\t\t\t\t<div class=\"elementor-widget-container\">\n\t\t\t\t\t\t\t<div class=\"elementor-divider\">\n\t\t\t<span class=\"elementor-divider-separator\">\n\t\t\t\t\t\t<\/span>\n\t\t<\/div>\n\t\t\t\t\t\t<\/div>\n\t\t\t\t<\/div>\n\t\t\t\t<div class=\"elementor-element elementor-element-eb065ff elementor-invisible elementor-widget elementor-widget-text-editor\" data-id=\"eb065ff\" data-element_type=\"widget\" data-e-type=\"widget\" data-settings=\"{&quot;_animation&quot;:&quot;fadeInUp&quot;}\" data-widget_type=\"text-editor.default\">\n\t\t\t\t<div class=\"elementor-widget-container\">\n\t\t\t\t\t\t\t\t\t<p class=\"MsoNormal\" style=\"margin-left:18.0pt;text-align:justify\">Despu\u00e9s de\nrealizar el mantenimiento preventivo, es posible detectar fallas en los equipos\nya sea por uso o que ya se ven\u00edan presentando antes de realizar la visita, para\nello realizamos una revisi\u00f3n general utilizando un protocolo de pruebas el cual\nnos ayuda a identificar fallas y poder generar un diagn\u00f3stico donde detectamos\nposibles fallas y su respectiva soluci\u00f3n.<o:p><\/o:p><\/p><p class=\"MsoListParagraphCxSpFirst\" style=\"margin-left:54.0pt;mso-add-space:\nauto;text-align:justify;text-indent:-18.0pt;mso-list:l0 level1 lfo1\"><!--[if !supportLists]--><span style=\"font-family:Symbol;mso-fareast-font-family:Symbol;mso-bidi-font-family:\nSymbol\">\u00b7<span style=\"font-variant-numeric: normal; font-variant-east-asian: normal; font-stretch: normal; font-size: 7pt; line-height: normal; font-family: &quot;Times New Roman&quot;;\">&nbsp;&nbsp;&nbsp;&nbsp;&nbsp;&nbsp;&nbsp;&nbsp;\n<\/span><\/span><!--[endif]-->Falla de bater\u00edas que es una de las m\u00e1s comunes <o:p><\/o:p><\/p><p class=\"MsoListParagraphCxSpMiddle\" style=\"margin-left:54.0pt;mso-add-space:\nauto;text-align:justify;text-indent:-18.0pt;mso-list:l0 level1 lfo1\"><!--[if !supportLists]--><span style=\"font-family:Symbol;mso-fareast-font-family:Symbol;mso-bidi-font-family:\nSymbol\">\u00b7<span style=\"font-variant-numeric: normal; font-variant-east-asian: normal; font-stretch: normal; font-size: 7pt; line-height: normal; font-family: &quot;Times New Roman&quot;;\">&nbsp;&nbsp;&nbsp;&nbsp;&nbsp;&nbsp;&nbsp;&nbsp;\n<\/span><\/span><!--[endif]-->Fallas en el rectificador y\/o cargador <o:p><\/o:p><\/p><p class=\"MsoListParagraphCxSpMiddle\" style=\"margin-left:54.0pt;mso-add-space:\nauto;text-align:justify;text-indent:-18.0pt;mso-list:l0 level1 lfo1\"><!--[if !supportLists]--><span style=\"font-family:Symbol;mso-fareast-font-family:Symbol;mso-bidi-font-family:\nSymbol\">\u00b7<span style=\"font-variant-numeric: normal; font-variant-east-asian: normal; font-stretch: normal; font-size: 7pt; line-height: normal; font-family: &quot;Times New Roman&quot;;\">&nbsp;&nbsp;&nbsp;&nbsp;&nbsp;&nbsp;&nbsp;&nbsp;\n<\/span><\/span><!--[endif]-->Fallas en la transferencia autom\u00e1tica de Bypass<o:p><\/o:p><\/p><p class=\"MsoListParagraphCxSpMiddle\" style=\"margin-left:54.0pt;mso-add-space:\nauto;text-align:justify;text-indent:-18.0pt;mso-list:l0 level1 lfo1\"><!--[if !supportLists]--><span style=\"font-family:Symbol;mso-fareast-font-family:Symbol;mso-bidi-font-family:\nSymbol\">\u00b7<span style=\"font-variant-numeric: normal; font-variant-east-asian: normal; font-stretch: normal; font-size: 7pt; line-height: normal; font-family: &quot;Times New Roman&quot;;\">&nbsp;&nbsp;&nbsp;&nbsp;&nbsp;&nbsp;&nbsp;&nbsp;\n<\/span><\/span><!--[endif]-->Fallas en el inversor.<o:p><\/o:p><\/p><p class=\"MsoListParagraphCxSpMiddle\" style=\"margin-left:54.0pt;mso-add-space:\nauto;text-align:justify;text-indent:-18.0pt;mso-list:l0 level1 lfo1\"><!--[if !supportLists]--><span style=\"font-family:Symbol;mso-fareast-font-family:Symbol;mso-bidi-font-family:\nSymbol\">\u00b7<span style=\"font-variant-numeric: normal; font-variant-east-asian: normal; font-stretch: normal; font-size: 7pt; line-height: normal; font-family: &quot;Times New Roman&quot;;\">&nbsp;&nbsp;&nbsp;&nbsp;&nbsp;&nbsp;&nbsp;&nbsp;\n<\/span><\/span><!--[endif]-->Tarjetas de control, display entre otros.<o:p><\/o:p><\/p><p>\n\n\n\n\n\n\n\n\n\n\n\n<\/p><p class=\"MsoListParagraphCxSpLast\" style=\"margin-left:54.0pt;mso-add-space:auto;\ntext-align:justify;text-indent:-18.0pt;mso-list:l0 level1 lfo1\"><!--[if !supportLists]--><span style=\"font-family:Symbol;mso-fareast-font-family:Symbol;mso-bidi-font-family:\nSymbol\">\u00b7<span style=\"font-variant-numeric: normal; font-variant-east-asian: normal; font-stretch: normal; font-size: 7pt; line-height: normal; font-family: &quot;Times New Roman&quot;;\">&nbsp;&nbsp;&nbsp;&nbsp;&nbsp;&nbsp;&nbsp;&nbsp;\n<\/span><\/span><!--[endif]-->Revisi\u00f3n de todos los par\u00e1metros de conexi\u00f3n ya\nque en algunos casos se presentan fallas externas que son atribuidas al UPS,\nas\u00ed garantizamos y damos una oportuna soluci\u00f3n con personal calificado.&nbsp; &nbsp;&nbsp;<o:p><\/o:p><\/p>\t\t\t\t\t\t\t\t<\/div>\n\t\t\t\t<\/div>\n\t\t\t\t\t<\/div>\n\t\t<\/div>\n\t\t\t\t\t<\/div>\n\t\t<\/section>\n\t\t\t\t<section class=\"elementor-section elementor-top-section elementor-element elementor-element-bfc308f elementor-section-boxed elementor-section-height-default elementor-section-height-default\" data-id=\"bfc308f\" data-element_type=\"section\" data-e-type=\"section\">\n\t\t\t\t\t\t<div class=\"elementor-container elementor-column-gap-default\">\n\t\t\t\t\t<div class=\"elementor-column elementor-col-100 elementor-top-column elementor-element elementor-element-2152901\" data-id=\"2152901\" data-element_type=\"column\" data-e-type=\"column\">\n\t\t\t<div class=\"elementor-widget-wrap elementor-element-populated\">\n\t\t\t\t\t\t<div class=\"elementor-element elementor-element-ca62d82 elementor-widget elementor-widget-spacer\" data-id=\"ca62d82\" data-element_type=\"widget\" data-e-type=\"widget\" data-widget_type=\"spacer.default\">\n\t\t\t\t<div class=\"elementor-widget-container\">\n\t\t\t\t\t\t\t<div class=\"elementor-spacer\">\n\t\t\t<div class=\"elementor-spacer-inner\"><\/div>\n\t\t<\/div>\n\t\t\t\t\t\t<\/div>\n\t\t\t\t<\/div>\n\t\t\t\t\t<\/div>\n\t\t<\/div>\n\t\t\t\t\t<\/div>\n\t\t<\/section>\n\t\t\t\t<\/div>\n\t\t","protected":false},"excerpt":{"rendered":"<p>MANTENIMIENTO Cotizar MANTENIMIENTO PREVENTIVO Al llegar al sitio de ubicaci\u00f3n de cada UPS se hace una inspecci\u00f3n visual en el panel frontal para verificar estado de UPS. Se procede a dar inicio al mantenimiento sin hacer apagado de equipos de c\u00f3mputo ya que UPS se puede trabajar en caliente o [&hellip;]<\/p>\n","protected":false},"author":1,"featured_media":0,"parent":0,"menu_order":0,"comment_status":"closed","ping_status":"closed","template":"page-templates\/template-pagebuilder-full-width.php","meta":{"_joinchat":[],"footnotes":""},"class_list":["post-577","page","type-page","status-publish","hentry"],"_links":{"self":[{"href":"https:\/\/powertronikups.com\/index.php?rest_route=\/wp\/v2\/pages\/577","targetHints":{"allow":["GET"]}}],"collection":[{"href":"https:\/\/powertronikups.com\/index.php?rest_route=\/wp\/v2\/pages"}],"about":[{"href":"https:\/\/powertronikups.com\/index.php?rest_route=\/wp\/v2\/types\/page"}],"author":[{"embeddable":true,"href":"https:\/\/powertronikups.com\/index.php?rest_route=\/wp\/v2\/users\/1"}],"replies":[{"embeddable":true,"href":"https:\/\/powertronikups.com\/index.php?rest_route=%2Fwp%2Fv2%2Fcomments&post=577"}],"version-history":[{"count":25,"href":"https:\/\/powertronikups.com\/index.php?rest_route=\/wp\/v2\/pages\/577\/revisions"}],"predecessor-version":[{"id":1051,"href":"https:\/\/powertronikups.com\/index.php?rest_route=\/wp\/v2\/pages\/577\/revisions\/1051"}],"wp:attachment":[{"href":"https:\/\/powertronikups.com\/index.php?rest_route=%2Fwp%2Fv2%2Fmedia&parent=577"}],"curies":[{"name":"wp","href":"https:\/\/api.w.org\/{rel}","templated":true}]}}